{"id":21,"date":"2014-03-03T21:23:41","date_gmt":"2014-03-03T20:23:41","guid":{"rendered":"http:\/\/venneravlife.no\/?page_id=21"},"modified":"2022-12-26T11:44:37","modified_gmt":"2022-12-26T10:44:37","slug":"fadderposten","status":"publish","type":"page","link":"https:\/\/venneravlife.no\/?page_id=21","title":{"rendered":"Fadderposten"},"content":{"rendered":"\n<p>Her har vi noen av utgivelsene av v\u00e5rt faddermagasin vi trykket to ganger \u00e5rlig og sendte ut til v\u00e5re faddere.<\/p>\n\n\n\n<p>N\u00e5 har vi g\u00e5tt over til nyhetsbrev som sendes digitalt.<\/p>\n\n\n<p><!--more--><\/p>\n<figure id=\"attachment_462\" aria-describedby=\"caption-attachment-462\" style=\"width: 188px\" class=\"wp-caption alignleft\"><a href=\"http:\/\/venneravlife.no\/wp-content\/uploads\/2019\/05\/Ferdig-Fadderpost-V\u00c5R-2019.pdf\"><img loading=\"lazy\" decoding=\"async\" class=\"wp-image-462\" src=\"http:\/\/venneravlife.no\/wp-content\/uploads\/2019\/05\/V\u00c5R-2019-1.jpg\" alt=\"F\u00f8rstesiden av fadderposten v\u00e5r 2019\" width=\"188\" height=\"267\" \/><\/a><figcaption id=\"caption-attachment-462\" class=\"wp-caption-text\"><a href=\"http:\/\/venneravlife.no\/wp-content\/uploads\/2019\/05\/Ferdig-Fadderpost-V\u00c5R-2019.pdf\"><span style=\"font-size: 13px;\"> Last ned fadderposten<br \/>v\u00e5ren 2019 (pdf 28 mb)<\/span><\/a><\/figcaption><\/figure>\n<p>\u00a0<\/p>\n<figure id=\"attachment_462\" aria-describedby=\"caption-attachment-462\" style=\"width: 188px\" class=\"wp-caption alignleft\"><a href=\"http:\/\/venneravlife.no\/wp-content\/uploads\/2018\/09\/Fadderposten-H\u00f8sten2018.pdf\"><img loading=\"lazy\" decoding=\"async\" class=\"wp-image-462\" src=\"http:\/\/venneravlife.no\/wp-content\/uploads\/2019\/05\/H\u00f8sten2018-1.jpg\" alt=\"F\u00f8rstesiden av fadderposten h\u00f8st 2018\" width=\"188\" height=\"267\" \/><\/a><figcaption id=\"caption-attachment-462\" class=\"wp-caption-text\"><a href=\"http:\/\/venneravlife.no\/wp-content\/uploads\/2018\/09\/Fadderposten-H\u00f8sten2018.pdf\"><span style=\"font-size: 13px;\"> Last ned fadderposten<br \/>h\u00f8sten 2018 (pdf 5 mb)<\/span><\/a><\/figcaption><\/figure>\n<p>\u00a0<\/p>\n<figure id=\"attachment_462\" aria-describedby=\"caption-attachment-462\" style=\"width: 188px\" class=\"wp-caption alignleft\"><a href=\"http:\/\/venneravlife.no\/wp-content\/uploads\/2018\/08\/Fadderposten-V\u00e5ren2018.pdf\"><img loading=\"lazy\" decoding=\"async\" class=\"wp-image-462\" src=\"http:\/\/venneravlife.no\/wp-content\/uploads\/2018\/08\/Fadderposten-V\u00e5ren2018-1.jpg\" alt=\"F\u00f8rstesiden av fadderposten v\u00e5r 2018\" width=\"188\" height=\"267\" \/><\/a><figcaption id=\"caption-attachment-462\" class=\"wp-caption-text\"><a href=\"http:\/\/venneravlife.no\/wp-content\/uploads\/2018\/08\/Fadderposten-V\u00e5ren2018.pdf\"><span style=\"font-size: 13px;\"> Last ned fadderposten<br \/>v\u00e5ren 2018 (pdf 1112kb)<\/span><\/a><\/figcaption><\/figure>\n<p>\u00a0<\/p>\n<p>\u00a0<\/p>\n<figure id=\"attachment_462\" aria-describedby=\"caption-attachment-462\" style=\"width: 188px\" class=\"wp-caption alignleft\"><a href=\"http:\/\/venneravlife.no\/wp-content\/uploads\/2018\/08\/Fadderposten-h\u00f8st2017-Web.pdf\"><img loading=\"lazy\" decoding=\"async\" class=\"wp-image-462\" src=\"http:\/\/venneravlife.no\/wp-content\/uploads\/2018\/08\/Fadderposten-h\u00f8st2017-Web-1.jpg\" alt=\"F\u00f8rstesiden av fadderposten h\u00f8st 2017\" width=\"188\" height=\"267\" \/><\/a><figcaption id=\"caption-attachment-462\" class=\"wp-caption-text\"><a href=\"http:\/\/venneravlife.no\/wp-content\/uploads\/2018\/08\/Fadderposten-h\u00f8st2017-Web.pdf\"><span style=\"font-size: 13px;\"> Last ned fadderposten<br \/>h\u00f8st 2017 (pdf 1112kb)<\/span><\/a><\/figcaption><\/figure>\n<p>\u00a0<\/p>","protected":false},"excerpt":{"rendered":"<p>Her har vi noen av utgivelsene av v\u00e5rt faddermagasin vi trykket to ganger \u00e5rlig og sendte ut til v\u00e5re faddere. N\u00e5 har vi g\u00e5tt over til nyhetsbrev som sendes digitalt.<\/p>\n","protected":false},"author":2,"featured_media":1057,"parent":0,"menu_order":0,"comment_status":"closed","ping_status":"closed","template":"","meta":{"footnotes":""},"class_list":["post-21","page","type-page","status-publish","has-post-thumbnail","czr-hentry"],"_links":{"self":[{"href":"https:\/\/venneravlife.no\/index.php?rest_route=\/wp\/v2\/pages\/21","targetHints":{"allow":["GET"]}}],"collection":[{"href":"https:\/\/venneravlife.no\/index.php?rest_route=\/wp\/v2\/pages"}],"about":[{"href":"https:\/\/venneravlife.no\/index.php?rest_route=\/wp\/v2\/types\/page"}],"author":[{"embeddable":true,"href":"https:\/\/venneravlife.no\/index.php?rest_route=\/wp\/v2\/users\/2"}],"replies":[{"embeddable":true,"href":"https:\/\/venneravlife.no\/index.php?rest_route=%2Fwp%2Fv2%2Fcomments&post=21"}],"version-history":[{"count":76,"href":"https:\/\/venneravlife.no\/index.php?rest_route=\/wp\/v2\/pages\/21\/revisions"}],"predecessor-version":[{"id":1398,"href":"https:\/\/venneravlife.no\/index.php?rest_route=\/wp\/v2\/pages\/21\/revisions\/1398"}],"wp:featuredmedia":[{"embeddable":true,"href":"https:\/\/venneravlife.no\/index.php?rest_route=\/wp\/v2\/media\/1057"}],"wp:attachment":[{"href":"https:\/\/venneravlife.no\/index.php?rest_route=%2Fwp%2Fv2%2Fmedia&parent=21"}],"curies":[{"name":"wp","href":"https:\/\/api.w.org\/{rel}","templated":true}]}}