{"id":80,"date":"2014-03-05T21:10:31","date_gmt":"2014-03-05T21:10:31","guid":{"rendered":"http:\/\/venneravlife.no\/?page_id=80"},"modified":"2025-01-29T11:06:45","modified_gmt":"2025-01-29T10:06:45","slug":"kontakt-oss","status":"publish","type":"page","link":"https:\/\/venneravlife.no\/?page_id=80","title":{"rendered":"Her kan du bli fadder"},"content":{"rendered":"<p><strong>Ditt bidrag gj\u00f8r en forskjell!<br \/><\/strong><\/p>\n<p><strong>\u00d8nsker du \u00e5 bli fadder gjennom Venner av Life?<\/strong> <br \/>Send oss dine kontaktopplysninger ved \u00e5 bruke skjemaet under. Passer ikke skjemaet kan du send oss opplysninger p\u00e5 e-post til <a href=\"mailto:post@venneravlife.no\">post@venneravlife.no<\/a> vi trenger navn, adresse, telefon og mail.\u00a0<\/p>\n<p><b style=\"font-size: revert; color: initial;\">Venner av LIFE<\/b><\/p>\n\n<p><iframe loading=\"lazy\" width=\"640px\" height=\"480px\" src=\"https:\/\/forms.office.com\/Pages\/ResponsePage.aspx?id=FhEdLCh_KUmc1M0Nnv2Yru9-aHXgxnVOmqBu6myKVHNURTZORkM4NTRFS0VPSFQzSTFCWldOMDJGVS4u&#038;embed=true\" frameborder=\"0\" marginwidth=\"0\" marginheight=\"0\" style=\"border: none; max-width:100%; max-height:100vh\" allowfullscreen webkitallowfullscreen mozallowfullscreen msallowfullscreen> <\/iframe><\/p>\n\n\n\n<figure class=\"wp-block-image size-large\"><a href=\"http:\/\/venneravlife.no\/wp-content\/uploads\/2018\/08\/9FF23306-7DB1-4338-AA8C-861C29E2D2D4.jpeg\"><img loading=\"lazy\" decoding=\"async\" width=\"1024\" height=\"683\" src=\"http:\/\/venneravlife.no\/wp-content\/uploads\/2018\/08\/9FF23306-7DB1-4338-AA8C-861C29E2D2D4-1024x683.jpeg\" alt=\"\" class=\"wp-image-898\" srcset=\"https:\/\/venneravlife.no\/wp-content\/uploads\/2018\/08\/9FF23306-7DB1-4338-AA8C-861C29E2D2D4-1024x683.jpeg 1024w, https:\/\/venneravlife.no\/wp-content\/uploads\/2018\/08\/9FF23306-7DB1-4338-AA8C-861C29E2D2D4-300x200.jpeg 300w, https:\/\/venneravlife.no\/wp-content\/uploads\/2018\/08\/9FF23306-7DB1-4338-AA8C-861C29E2D2D4-768x512.jpeg 768w\" sizes=\"auto, (max-width: 1024px) 100vw, 1024px\" \/><\/a><\/figure>\n","protected":false},"excerpt":{"rendered":"<p>Ditt bidrag gj\u00f8r en forskjell! \u00d8nsker du \u00e5 bli fadder gjennom Venner av Life? Send oss dine kontaktopplysninger ved \u00e5 bruke skjemaet under. Passer ikke skjemaet kan du send oss opplysninger p\u00e5 e-post til post@venneravlife.no vi trenger navn, adresse, telefon og mail.\u00a0 Venner av LIFE<\/p>\n","protected":false},"author":1,"featured_media":1239,"parent":0,"menu_order":0,"comment_status":"closed","ping_status":"open","template":"","meta":{"footnotes":""},"class_list":["post-80","page","type-page","status-publish","has-post-thumbnail","czr-hentry"],"_links":{"self":[{"href":"https:\/\/venneravlife.no\/index.php?rest_route=\/wp\/v2\/pages\/80","targetHints":{"allow":["GET"]}}],"collection":[{"href":"https:\/\/venneravlife.no\/index.php?rest_route=\/wp\/v2\/pages"}],"about":[{"href":"https:\/\/venneravlife.no\/index.php?rest_route=\/wp\/v2\/types\/page"}],"author":[{"embeddable":true,"href":"https:\/\/venneravlife.no\/index.php?rest_route=\/wp\/v2\/users\/1"}],"replies":[{"embeddable":true,"href":"https:\/\/venneravlife.no\/index.php?rest_route=%2Fwp%2Fv2%2Fcomments&post=80"}],"version-history":[{"count":20,"href":"https:\/\/venneravlife.no\/index.php?rest_route=\/wp\/v2\/pages\/80\/revisions"}],"predecessor-version":[{"id":1389,"href":"https:\/\/venneravlife.no\/index.php?rest_route=\/wp\/v2\/pages\/80\/revisions\/1389"}],"wp:featuredmedia":[{"embeddable":true,"href":"https:\/\/venneravlife.no\/index.php?rest_route=\/wp\/v2\/media\/1239"}],"wp:attachment":[{"href":"https:\/\/venneravlife.no\/index.php?rest_route=%2Fwp%2Fv2%2Fmedia&parent=80"}],"curies":[{"name":"wp","href":"https:\/\/api.w.org\/{rel}","templated":true}]}}