{"id":98,"date":"2014-03-09T12:10:40","date_gmt":"2014-03-09T12:10:40","guid":{"rendered":"http:\/\/venneravlife.no\/?page_id=98"},"modified":"2019-05-19T23:00:47","modified_gmt":"2019-05-19T21:00:47","slug":"gambia","status":"publish","type":"page","link":"https:\/\/venneravlife.no\/?page_id=98","title":{"rendered":"Gambia"},"content":{"rendered":"<p>Gambia er en republikk i Vest-Afrika med 2,1 millioner innbyggere. Landet ligger langs Gambiaelven og er den minste staten p\u00e5 det afrikanske kontinentet. Landet m\u00e5ler dr\u00f8yt 11 000 kvadratkilometer, omtrent en fjerdedel av st\u00f8rrelsen til Danmark, eller halvparten av Oppland fylke. Hovedstaden i republikken heter Banjul og presidenten er Adama Barrow.<\/p>\n<p><span style=\"line-height: 1.5;\">Det offisielle spr\u00e5ket i Gambia er engelsk, men stammespr\u00e5kene st\u00e5r sterkt. Den st\u00f8rste stammen er mandinkaene (over 40 prosent av befolkningen). Dernest kommer jola, fula og wolof. Dette er stammer med sine egne skikker, tradisjoner, kulturer og spr\u00e5k som finnes i hele Vest-Afrika.<\/span><\/p>\n<p>Gambia har hele 80 kilometer med kystlinje langs det som kalles The Smiling Coast of Africa. Ikke uten grunn: et vennligere land og folk skal man lete lenge etter.<\/p>\n<p>Du kan lese mer om Gambia her:<\/p>\n<p><a href=\"http:\/\/no.wikipedia.org\/wiki\/Gambia\">Wikipedia<\/a><br \/>\n<a href=\"http:\/\/snl.no\/Gambia\">Store norske leksikon<\/a><\/p>\n<p>Gambia, Landet ved Den gylne flod, Annfinn Thuv, Ringfoss Oslo 1998<\/p>\n<p><iframe loading=\"lazy\" src=\"https:\/\/maps.google.no\/maps?f=q&amp;source=s_q&amp;hl=no&amp;geocode=&amp;q=gambia&amp;aq=&amp;sll=13.242619,-15.849152&amp;sspn=1.610758,2.992401&amp;ie=UTF8&amp;hq=&amp;hnear=Gambia&amp;ll=13.443182,-15.310139&amp;spn=1.611128,2.992401&amp;t=m&amp;z=8&amp;output=embed&amp;iwloc=near\" width=\"1190\" height=\"350\" frameborder=\"0\" marginwidth=\"0\" marginheight=\"0\" scrolling=\"no\"><\/iframe><br \/>\n<small><a style=\"color: #0000ff; text-align: left;\" href=\"https:\/\/maps.google.no\/maps?f=q&amp;source=embed&amp;hl=no&amp;geocode=&amp;q=gambia&amp;aq=&amp;sll=13.242619,-15.849152&amp;sspn=1.610758,2.992401&amp;ie=UTF8&amp;hq=&amp;hnear=Gambia&amp;ll=13.443182,-15.310139&amp;spn=1.611128,2.992401&amp;t=m&amp;z=10\">Vis st\u00f8rre kart<\/a><\/small><\/p>\n","protected":false},"excerpt":{"rendered":"<p>Gambia er en republikk i Vest-Afrika med 2,1 millioner innbyggere. Landet ligger langs Gambiaelven og er den minste staten p\u00e5 det afrikanske kontinentet. Landet m\u00e5ler dr\u00f8yt 11 000 kvadratkilometer, omtrent en fjerdedel av st\u00f8rrelsen til Danmark, eller halvparten av Oppland fylke. Hovedstaden i republikken heter Banjul og presidenten er Adama Barrow. Det offisielle spr\u00e5ket i [&hellip;]<\/p>\n","protected":false},"author":1,"featured_media":0,"parent":119,"menu_order":0,"comment_status":"closed","ping_status":"closed","template":"","meta":{"footnotes":""},"class_list":["post-98","page","type-page","status-publish","czr-hentry"],"_links":{"self":[{"href":"https:\/\/venneravlife.no\/index.php?rest_route=\/wp\/v2\/pages\/98","targetHints":{"allow":["GET"]}}],"collection":[{"href":"https:\/\/venneravlife.no\/index.php?rest_route=\/wp\/v2\/pages"}],"about":[{"href":"https:\/\/venneravlife.no\/index.php?rest_route=\/wp\/v2\/types\/page"}],"author":[{"embeddable":true,"href":"https:\/\/venneravlife.no\/index.php?rest_route=\/wp\/v2\/users\/1"}],"replies":[{"embeddable":true,"href":"https:\/\/venneravlife.no\/index.php?rest_route=%2Fwp%2Fv2%2Fcomments&post=98"}],"version-history":[{"count":17,"href":"https:\/\/venneravlife.no\/index.php?rest_route=\/wp\/v2\/pages\/98\/revisions"}],"predecessor-version":[{"id":1048,"href":"https:\/\/venneravlife.no\/index.php?rest_route=\/wp\/v2\/pages\/98\/revisions\/1048"}],"up":[{"embeddable":true,"href":"https:\/\/venneravlife.no\/index.php?rest_route=\/wp\/v2\/pages\/119"}],"wp:attachment":[{"href":"https:\/\/venneravlife.no\/index.php?rest_route=%2Fwp%2Fv2%2Fmedia&parent=98"}],"curies":[{"name":"wp","href":"https:\/\/api.w.org\/{rel}","templated":true}]}}